{"id":59,"date":"2022-11-16T16:47:20","date_gmt":"2022-11-16T15:47:20","guid":{"rendered":"https:\/\/otorrinogijon.com\/?page_id=59"},"modified":"2022-12-14T19:34:26","modified_gmt":"2022-12-14T18:34:26","slug":"pruebas-diagnosticas","status":"publish","type":"page","link":"https:\/\/otorrinogijon.com\/index.php\/areas\/pruebas-diagnosticas\/","title":{"rendered":"Pruebas diagn\u00f3sticas"},"content":{"rendered":"<h3>V\u00e9rtigo y Equilibrio<\/h3>\n<p><img loading=\"lazy\" decoding=\"async\" class=\"alignnone size-medium wp-image-139\" src=\"https:\/\/otorrinogijon.com\/wp-content\/uploads\/2022\/12\/impulso-cefalico-videoasistido-300x200.jpg\" alt=\"\" width=\"300\" height=\"200\" srcset=\"https:\/\/otorrinogijon.com\/wp-content\/uploads\/2022\/12\/impulso-cefalico-videoasistido-300x200.jpg 300w, https:\/\/otorrinogijon.com\/wp-content\/uploads\/2022\/12\/impulso-cefalico-videoasistido-1024x683.jpg 1024w, https:\/\/otorrinogijon.com\/wp-content\/uploads\/2022\/12\/impulso-cefalico-videoasistido-768x512.jpg 768w, https:\/\/otorrinogijon.com\/wp-content\/uploads\/2022\/12\/impulso-cefalico-videoasistido-1536x1024.jpg 1536w, https:\/\/otorrinogijon.com\/wp-content\/uploads\/2022\/12\/impulso-cefalico-videoasistido-2048x1365.jpg 2048w, https:\/\/otorrinogijon.com\/wp-content\/uploads\/2022\/12\/impulso-cefalico-videoasistido-338x225.jpg 338w\" sizes=\"auto, (max-width: 300px) 100vw, 300px\" \/><\/p>\n<p><img loading=\"lazy\" decoding=\"async\" class=\"alignnone size-medium wp-image-153\" src=\"https:\/\/otorrinogijon.com\/wp-content\/uploads\/2022\/12\/posturografo-1_edited-300x284.png\" alt=\"\" width=\"300\" height=\"284\" srcset=\"https:\/\/otorrinogijon.com\/wp-content\/uploads\/2022\/12\/posturografo-1_edited-300x284.png 300w, https:\/\/otorrinogijon.com\/wp-content\/uploads\/2022\/12\/posturografo-1_edited-768x727.png 768w, https:\/\/otorrinogijon.com\/wp-content\/uploads\/2022\/12\/posturografo-1_edited-238x225.png 238w, https:\/\/otorrinogijon.com\/wp-content\/uploads\/2022\/12\/posturografo-1_edited.png 775w\" sizes=\"auto, (max-width: 300px) 100vw, 300px\" \/><\/p>\n<p><img loading=\"lazy\" decoding=\"async\" class=\"alignnone size-medium wp-image-136\" src=\"https:\/\/otorrinogijon.com\/wp-content\/uploads\/2022\/12\/estimulo-optokinetico-300x149.jpg\" alt=\"\" width=\"300\" height=\"149\" srcset=\"https:\/\/otorrinogijon.com\/wp-content\/uploads\/2022\/12\/estimulo-optokinetico-300x149.jpg 300w, https:\/\/otorrinogijon.com\/wp-content\/uploads\/2022\/12\/estimulo-optokinetico-768x382.jpg 768w, https:\/\/otorrinogijon.com\/wp-content\/uploads\/2022\/12\/estimulo-optokinetico-450x225.jpg 450w, https:\/\/otorrinogijon.com\/wp-content\/uploads\/2022\/12\/estimulo-optokinetico.jpg 912w\" sizes=\"auto, (max-width: 300px) 100vw, 300px\" \/><\/p>\n<p><img loading=\"lazy\" decoding=\"async\" class=\"alignnone size-medium wp-image-140\" src=\"https:\/\/otorrinogijon.com\/wp-content\/uploads\/2022\/12\/neurofeedback-300x200.jpg\" alt=\"\" width=\"300\" height=\"200\" srcset=\"https:\/\/otorrinogijon.com\/wp-content\/uploads\/2022\/12\/neurofeedback-300x200.jpg 300w, https:\/\/otorrinogijon.com\/wp-content\/uploads\/2022\/12\/neurofeedback-1024x683.jpg 1024w, https:\/\/otorrinogijon.com\/wp-content\/uploads\/2022\/12\/neurofeedback-768x512.jpg 768w, https:\/\/otorrinogijon.com\/wp-content\/uploads\/2022\/12\/neurofeedback-1536x1024.jpg 1536w, https:\/\/otorrinogijon.com\/wp-content\/uploads\/2022\/12\/neurofeedback-2048x1365.jpg 2048w, https:\/\/otorrinogijon.com\/wp-content\/uploads\/2022\/12\/neurofeedback-338x225.jpg 338w\" sizes=\"auto, (max-width: 300px) 100vw, 300px\" \/><\/p>\n<h3><\/h3>\n<h3>Olfato<\/h3>\n<p><img loading=\"lazy\" decoding=\"async\" class=\"alignnone size-medium wp-image-154\" src=\"https:\/\/otorrinogijon.com\/wp-content\/uploads\/2022\/12\/IMG_9990_edited-1-300x244.jpg\" alt=\"\" width=\"300\" height=\"244\" srcset=\"https:\/\/otorrinogijon.com\/wp-content\/uploads\/2022\/12\/IMG_9990_edited-1-300x244.jpg 300w, https:\/\/otorrinogijon.com\/wp-content\/uploads\/2022\/12\/IMG_9990_edited-1-1024x834.jpg 1024w, https:\/\/otorrinogijon.com\/wp-content\/uploads\/2022\/12\/IMG_9990_edited-1-768x626.jpg 768w, https:\/\/otorrinogijon.com\/wp-content\/uploads\/2022\/12\/IMG_9990_edited-1-1536x1251.jpg 1536w, https:\/\/otorrinogijon.com\/wp-content\/uploads\/2022\/12\/IMG_9990_edited-1-276x225.jpg 276w, https:\/\/otorrinogijon.com\/wp-content\/uploads\/2022\/12\/IMG_9990_edited-1.jpg 1996w\" sizes=\"auto, (max-width: 300px) 100vw, 300px\" \/><\/p>\n<p>&nbsp;<\/p>\n<h3>Alergia Respiratoria<\/h3>\n<p><img loading=\"lazy\" decoding=\"async\" class=\"alignnone size-medium wp-image-155\" src=\"https:\/\/otorrinogijon.com\/wp-content\/uploads\/2022\/12\/IMG_0026_edited-300x200.jpg\" alt=\"\" width=\"300\" height=\"200\" srcset=\"https:\/\/otorrinogijon.com\/wp-content\/uploads\/2022\/12\/IMG_0026_edited-300x200.jpg 300w, https:\/\/otorrinogijon.com\/wp-content\/uploads\/2022\/12\/IMG_0026_edited-1024x682.jpg 1024w, https:\/\/otorrinogijon.com\/wp-content\/uploads\/2022\/12\/IMG_0026_edited-768x512.jpg 768w, https:\/\/otorrinogijon.com\/wp-content\/uploads\/2022\/12\/IMG_0026_edited-1536x1023.jpg 1536w, https:\/\/otorrinogijon.com\/wp-content\/uploads\/2022\/12\/IMG_0026_edited-2048x1365.jpg 2048w, https:\/\/otorrinogijon.com\/wp-content\/uploads\/2022\/12\/IMG_0026_edited-338x225.jpg 338w\" sizes=\"auto, (max-width: 300px) 100vw, 300px\" \/><\/p>\n<p>&nbsp;<\/p>\n<h3>Exploraci\u00f3n Audiol\u00f3gica<\/h3>\n<p><img loading=\"lazy\" decoding=\"async\" class=\"alignnone size-medium wp-image-156\" src=\"https:\/\/otorrinogijon.com\/wp-content\/uploads\/2022\/12\/IMG_9967-300x200.jpg\" alt=\"\" width=\"300\" height=\"200\" srcset=\"https:\/\/otorrinogijon.com\/wp-content\/uploads\/2022\/12\/IMG_9967-300x200.jpg 300w, https:\/\/otorrinogijon.com\/wp-content\/uploads\/2022\/12\/IMG_9967-1024x683.jpg 1024w, https:\/\/otorrinogijon.com\/wp-content\/uploads\/2022\/12\/IMG_9967-768x512.jpg 768w, https:\/\/otorrinogijon.com\/wp-content\/uploads\/2022\/12\/IMG_9967-1536x1024.jpg 1536w, https:\/\/otorrinogijon.com\/wp-content\/uploads\/2022\/12\/IMG_9967-2048x1365.jpg 2048w, https:\/\/otorrinogijon.com\/wp-content\/uploads\/2022\/12\/IMG_9967-338x225.jpg 338w\" sizes=\"auto, (max-width: 300px) 100vw, 300px\" \/><\/p>\n<p>&nbsp;<\/p>\n<h3>Exploraci\u00f3n Faringolar\u00edngea<\/h3>\n<p><img loading=\"lazy\" decoding=\"async\" class=\"alignnone size-medium wp-image-157\" src=\"https:\/\/otorrinogijon.com\/wp-content\/uploads\/2022\/12\/\u00a9Conde_Ripoll___Adela_Otorrino_Gijon___Web_026-300x200.jpg\" alt=\"\" width=\"300\" height=\"200\" srcset=\"https:\/\/otorrinogijon.com\/wp-content\/uploads\/2022\/12\/\u00a9Conde_Ripoll___Adela_Otorrino_Gijon___Web_026-300x200.jpg 300w, https:\/\/otorrinogijon.com\/wp-content\/uploads\/2022\/12\/\u00a9Conde_Ripoll___Adela_Otorrino_Gijon___Web_026-768x512.jpg 768w, https:\/\/otorrinogijon.com\/wp-content\/uploads\/2022\/12\/\u00a9Conde_Ripoll___Adela_Otorrino_Gijon___Web_026-337x225.jpg 337w, https:\/\/otorrinogijon.com\/wp-content\/uploads\/2022\/12\/\u00a9Conde_Ripoll___Adela_Otorrino_Gijon___Web_026.jpg 1000w\" sizes=\"auto, (max-width: 300px) 100vw, 300px\" \/><\/p>\n<p>&nbsp;<\/p>\n<p>&nbsp;<\/p>\n<p>&nbsp;<\/p>\n<p>&nbsp;<\/p>\n","protected":false},"excerpt":{"rendered":"<p>V\u00e9rtigo y Equilibrio Olfato &nbsp; Alergia Respiratoria &nbsp; Exploraci\u00f3n Audiol\u00f3gica &nbsp; Exploraci\u00f3n Faringolar\u00edngea &nbsp; &nbsp; &nbsp; &nbsp;<\/p>\n","protected":false},"author":1,"featured_media":0,"parent":15,"menu_order":4,"comment_status":"closed","ping_status":"closed","template":"","meta":{"om_disable_all_campaigns":false,"_monsterinsights_skip_tracking":false,"_monsterinsights_sitenote_active":false,"_monsterinsights_sitenote_note":"","_monsterinsights_sitenote_category":0,"footnotes":""},"class_list":["post-59","page","type-page","status-publish","hentry"],"aioseo_notices":[],"_links":{"self":[{"href":"https:\/\/otorrinogijon.com\/index.php\/wp-json\/wp\/v2\/pages\/59","targetHints":{"allow":["GET"]}}],"collection":[{"href":"https:\/\/otorrinogijon.com\/index.php\/wp-json\/wp\/v2\/pages"}],"about":[{"href":"https:\/\/otorrinogijon.com\/index.php\/wp-json\/wp\/v2\/types\/page"}],"author":[{"embeddable":true,"href":"https:\/\/otorrinogijon.com\/index.php\/wp-json\/wp\/v2\/users\/1"}],"replies":[{"embeddable":true,"href":"https:\/\/otorrinogijon.com\/index.php\/wp-json\/wp\/v2\/comments?post=59"}],"version-history":[{"count":4,"href":"https:\/\/otorrinogijon.com\/index.php\/wp-json\/wp\/v2\/pages\/59\/revisions"}],"predecessor-version":[{"id":158,"href":"https:\/\/otorrinogijon.com\/index.php\/wp-json\/wp\/v2\/pages\/59\/revisions\/158"}],"up":[{"embeddable":true,"href":"https:\/\/otorrinogijon.com\/index.php\/wp-json\/wp\/v2\/pages\/15"}],"wp:attachment":[{"href":"https:\/\/otorrinogijon.com\/index.php\/wp-json\/wp\/v2\/media?parent=59"}],"curies":[{"name":"wp","href":"https:\/\/api.w.org\/{rel}","templated":true}]}}