{"id":58,"date":"2022-11-16T16:47:17","date_gmt":"2022-11-16T15:47:17","guid":{"rendered":"https:\/\/otorrinogijon.com\/?page_id=58"},"modified":"2022-12-14T19:19:45","modified_gmt":"2022-12-14T18:19:45","slug":"oido-nariz-garganta","status":"publish","type":"page","link":"https:\/\/otorrinogijon.com\/index.php\/areas\/oido-nariz-garganta\/","title":{"rendered":"O\u00eddo, nariz, garganta"},"content":{"rendered":"<h1>O\u00eddo<\/h1>\n<p><img loading=\"lazy\" decoding=\"async\" class=\"size-medium wp-image-147 alignleft\" src=\"https:\/\/otorrinogijon.com\/wp-content\/uploads\/2022\/12\/OIDO-300x273.jpg\" alt=\"\" width=\"300\" height=\"273\" srcset=\"https:\/\/otorrinogijon.com\/wp-content\/uploads\/2022\/12\/OIDO-300x273.jpg 300w, https:\/\/otorrinogijon.com\/wp-content\/uploads\/2022\/12\/OIDO-247x225.jpg 247w, https:\/\/otorrinogijon.com\/wp-content\/uploads\/2022\/12\/OIDO.jpg 373w\" sizes=\"auto, (max-width: 300px) 100vw, 300px\" \/><\/p>\n<p>En su consulta, la Dra. Adela Gonz\u00e1lez le atiende si sufre dolor de o\u00eddos, pitidos o zumbidos (tinnitus), p\u00e9rdida auditiva, sordera s\u00fabita o v\u00e9rtigo, entre otras:<\/p>\n<p>-Limpieza auditiva: Tapones de cera (cerumen), otomicosis, otitis externa\u2026<\/p>\n<p>-Tratamiento de Otitis: Otitis media, otitis aguda, otitis serosa, otitis cr\u00f3nica supurada.<\/p>\n<p>-Tratamiento precoz de la sordera. Sordera s\u00fabita.<\/p>\n<p>-Presbiacusia: Valoraci\u00f3n de la p\u00e9rdida auditiva. Prescripci\u00f3n de aud\u00edfonos<\/p>\n<p>-Par\u00e1lisis facial.<\/p>\n<p>-V\u00e9rtigo: Diagn\u00f3stico y tratamiento. Enfermedad de M\u00e9ni\u00e8re. V\u00e9rtigo e Inestabilidad.<\/p>\n<p>&nbsp;<\/p>\n<h1>Nariz<\/h1>\n<p><img loading=\"lazy\" decoding=\"async\" class=\"size-medium wp-image-148 alignleft\" src=\"https:\/\/otorrinogijon.com\/wp-content\/uploads\/2022\/12\/NARIZ-300x200.jpg\" alt=\"\" width=\"300\" height=\"200\" srcset=\"https:\/\/otorrinogijon.com\/wp-content\/uploads\/2022\/12\/NARIZ-300x200.jpg 300w, https:\/\/otorrinogijon.com\/wp-content\/uploads\/2022\/12\/NARIZ-338x225.jpg 338w, https:\/\/otorrinogijon.com\/wp-content\/uploads\/2022\/12\/NARIZ.jpg 612w\" sizes=\"auto, (max-width: 300px) 100vw, 300px\" \/>\u00a0Si sufre dificultad respiratoria, o catarros con frecuencia, podemos ayudarle<\/p>\n<p>-Insuficiencia respiratoria nasal: La dificultad para respirar por la nariz es el motivo m\u00e1s frecuente, en dolencias de origen nasal, de visita al otorrino.<\/p>\n<p>-Rinitis, sinusitis, rinosinusitis.<\/p>\n<p>-Sinusitis cr\u00f3nica: nasofibroscopia diagn\u00f3stica.<\/p>\n<p>-Rinitis al\u00e9rgica (Alergias respiratorias)<\/p>\n<p>-Hemorragia nasal (Epistaxis)<\/p>\n<p>-Patolog\u00eda del Cavum: nasofibroscopia diagn\u00f3stica.<\/p>\n<p>&nbsp;<\/p>\n<p>&nbsp;<\/p>\n<h1>Garganta<\/h1>\n<p><img loading=\"lazy\" decoding=\"async\" class=\"size-medium wp-image-149 alignleft\" src=\"https:\/\/otorrinogijon.com\/wp-content\/uploads\/2022\/12\/garganta-300x200.jpg\" alt=\"\" width=\"300\" height=\"200\" srcset=\"https:\/\/otorrinogijon.com\/wp-content\/uploads\/2022\/12\/garganta-300x200.jpg 300w, https:\/\/otorrinogijon.com\/wp-content\/uploads\/2022\/12\/garganta-338x225.jpg 338w, https:\/\/otorrinogijon.com\/wp-content\/uploads\/2022\/12\/garganta.jpg 356w\" sizes=\"auto, (max-width: 300px) 100vw, 300px\" \/><\/p>\n<p>La Dra. Adela Gonz\u00e1lez diagnostica y trata las afecciones de garganta:<\/p>\n<p>-dolor de garganta, dificultad para tragar, alteraciones en la voz ocualquier otra afecci\u00f3n de garganta,<\/p>\n<p>Realizamos pruebas de diagn\u00f3stico en faringe, laringe y cuello:<\/p>\n<p>\u200b<strong>Faringe<\/strong>:<\/p>\n<p>-Infecciones de garganta y cavidad oral. : estomatitis, faringitis, amigdalitis<\/p>\n<p>-Tumoraciones oro-far\u00edngeas: Diagn\u00f3stico y gu\u00eda terap\u00e9utica<\/p>\n<p><strong>Laringe y Cuello<\/strong><\/p>\n<p>Ante cualquier alteraci\u00f3n de la voz es importante hacer revisiones, especialmente si es usted un profesional de la voz, es fumador o si sufre disfon\u00edas o laringitis<\/p>\n<p>-N\u00f3dulos vocales, p\u00f3lipos vocales, edema de Reinke.<\/p>\n<p>-Adenopat\u00edas cervicales: Estudio y valoraci\u00f3n.<\/p>\n<p>&nbsp;<\/p>\n<p>&nbsp;<\/p>\n<p>&nbsp;<\/p>\n<p>&nbsp;<\/p>\n<p>&nbsp;<\/p>\n","protected":false},"excerpt":{"rendered":"<p>O\u00eddo En su consulta, la Dra. Adela Gonz\u00e1lez le atiende si sufre dolor de o\u00eddos, pitidos o zumbidos (tinnitus), p\u00e9rdida auditiva, sordera s\u00fabita o v\u00e9rtigo, entre otras: -Limpieza auditiva: Tapones de cera (cerumen), otomicosis, otitis externa\u2026 -Tratamiento de Otitis: Otitis media, otitis aguda, otitis serosa, otitis cr\u00f3nica supurada. -Tratamiento precoz de la sordera. Sordera s\u00fabita. [&hellip;]<\/p>\n","protected":false},"author":1,"featured_media":0,"parent":15,"menu_order":3,"comment_status":"closed","ping_status":"closed","template":"","meta":{"om_disable_all_campaigns":false,"_monsterinsights_skip_tracking":false,"_monsterinsights_sitenote_active":false,"_monsterinsights_sitenote_note":"","_monsterinsights_sitenote_category":0,"footnotes":""},"class_list":["post-58","page","type-page","status-publish","hentry"],"aioseo_notices":[],"_links":{"self":[{"href":"https:\/\/otorrinogijon.com\/index.php\/wp-json\/wp\/v2\/pages\/58","targetHints":{"allow":["GET"]}}],"collection":[{"href":"https:\/\/otorrinogijon.com\/index.php\/wp-json\/wp\/v2\/pages"}],"about":[{"href":"https:\/\/otorrinogijon.com\/index.php\/wp-json\/wp\/v2\/types\/page"}],"author":[{"embeddable":true,"href":"https:\/\/otorrinogijon.com\/index.php\/wp-json\/wp\/v2\/users\/1"}],"replies":[{"embeddable":true,"href":"https:\/\/otorrinogijon.com\/index.php\/wp-json\/wp\/v2\/comments?post=58"}],"version-history":[{"count":6,"href":"https:\/\/otorrinogijon.com\/index.php\/wp-json\/wp\/v2\/pages\/58\/revisions"}],"predecessor-version":[{"id":152,"href":"https:\/\/otorrinogijon.com\/index.php\/wp-json\/wp\/v2\/pages\/58\/revisions\/152"}],"up":[{"embeddable":true,"href":"https:\/\/otorrinogijon.com\/index.php\/wp-json\/wp\/v2\/pages\/15"}],"wp:attachment":[{"href":"https:\/\/otorrinogijon.com\/index.php\/wp-json\/wp\/v2\/media?parent=58"}],"curies":[{"name":"wp","href":"https:\/\/api.w.org\/{rel}","templated":true}]}}