{"id":56,"date":"2022-11-16T16:47:09","date_gmt":"2022-11-16T15:47:09","guid":{"rendered":"https:\/\/otorrinogijon.com\/?page_id=56"},"modified":"2022-12-14T19:07:38","modified_gmt":"2022-12-14T18:07:38","slug":"unidad-de-equilibrio-y-vertigo","status":"publish","type":"page","link":"https:\/\/otorrinogijon.com\/index.php\/areas\/unidad-de-equilibrio-y-vertigo\/","title":{"rendered":"Unidad Integral de equilibrio y v\u00e9rtigo"},"content":{"rendered":"<p><img loading=\"lazy\" decoding=\"async\" class=\"alignnone size-medium wp-image-135\" src=\"https:\/\/otorrinogijon.com\/wp-content\/uploads\/2022\/12\/equilibrio-275x300.jpg\" alt=\"\" width=\"275\" height=\"300\" srcset=\"https:\/\/otorrinogijon.com\/wp-content\/uploads\/2022\/12\/equilibrio-275x300.jpg 275w, https:\/\/otorrinogijon.com\/wp-content\/uploads\/2022\/12\/equilibrio-938x1024.jpg 938w, https:\/\/otorrinogijon.com\/wp-content\/uploads\/2022\/12\/equilibrio-768x838.jpg 768w, https:\/\/otorrinogijon.com\/wp-content\/uploads\/2022\/12\/equilibrio-206x225.jpg 206w, https:\/\/otorrinogijon.com\/wp-content\/uploads\/2022\/12\/equilibrio.jpg 1293w\" sizes=\"auto, (max-width: 275px) 100vw, 275px\" \/><\/p>\n<p>El\u00a0<strong>V\u00e9rtigo<\/strong>\u00a0no es una enfermedad, sino un s\u00edntoma que reconoce etiolog\u00edas m\u00faltiples, una percepci\u00f3n de un movimiento que no existe, siendo mas frecuentemente de rotaci\u00f3n o de giro de nuestro cuerpo o del ambiente que nos rodea.<\/p>\n<p>La sensaci\u00f3n de\u00a0<strong>Equilibrio<\/strong>\u00a0es el resultado de una informaci\u00f3n apropiada detectada por los receptores vestibulares, oculares y propioceptivos, que es integrada adecuadamente en el cerebelo y en el resto del sistema nervioso central (SNC).<\/p>\n<p>\u200bUn modo de andar, una postura y un enfoque visual adecuados durante el movimiento de la cabeza, dependen de un estado de equilibrio intacto.<\/p>\n<p>El\u00a0<strong>V\u00e9rtigo y las Alteraciones del Equilibrio\u00a0<\/strong>repercuten de forma importante en la calidad de vida de las personas.<\/p>\n<p>Disponemos en la actualidad de instrumentos eficaces para realizar una\u00a0<strong>evaluaci\u00f3n completa del V\u00e9rtigo y del Equilibrio<\/strong>, identificando tambi\u00e9n a los individuos con un alto riesgo de ca\u00eddas.<\/p>\n<p>&nbsp;<\/p>\n<p>Y tambi\u00e9n dise\u00f1ar\u00a0<strong>estrategias preventivas<\/strong>\u00a0(cl\u00ednicas, rehabilitadoras\u2026)a fin de mejorar el equilibrio, la estabilidad y reducir el riesgo de ca\u00eddas.<\/p>\n<p>&nbsp;<\/p>\n<p>Disponemos de las\u00a0<strong>\u00faltimas t\u00e9cnicas diagn\u00f3sticas<\/strong>\u00a0y de\u00a0<strong>rehabilitaci\u00f3n del equilibrio<\/strong><\/p>\n<p><img loading=\"lazy\" decoding=\"async\" class=\"alignnone size-medium wp-image-139\" src=\"https:\/\/otorrinogijon.com\/wp-content\/uploads\/2022\/12\/impulso-cefalico-videoasistido-300x200.jpg\" alt=\"\" width=\"300\" height=\"200\" srcset=\"https:\/\/otorrinogijon.com\/wp-content\/uploads\/2022\/12\/impulso-cefalico-videoasistido-300x200.jpg 300w, https:\/\/otorrinogijon.com\/wp-content\/uploads\/2022\/12\/impulso-cefalico-videoasistido-1024x683.jpg 1024w, https:\/\/otorrinogijon.com\/wp-content\/uploads\/2022\/12\/impulso-cefalico-videoasistido-768x512.jpg 768w, https:\/\/otorrinogijon.com\/wp-content\/uploads\/2022\/12\/impulso-cefalico-videoasistido-1536x1024.jpg 1536w, https:\/\/otorrinogijon.com\/wp-content\/uploads\/2022\/12\/impulso-cefalico-videoasistido-2048x1365.jpg 2048w, https:\/\/otorrinogijon.com\/wp-content\/uploads\/2022\/12\/impulso-cefalico-videoasistido-338x225.jpg 338w\" sizes=\"auto, (max-width: 300px) 100vw, 300px\" \/> <img loading=\"lazy\" decoding=\"async\" class=\"alignnone size-medium wp-image-136\" src=\"https:\/\/otorrinogijon.com\/wp-content\/uploads\/2022\/12\/estimulo-optokinetico-300x149.jpg\" alt=\"\" width=\"300\" height=\"149\" srcset=\"https:\/\/otorrinogijon.com\/wp-content\/uploads\/2022\/12\/estimulo-optokinetico-300x149.jpg 300w, https:\/\/otorrinogijon.com\/wp-content\/uploads\/2022\/12\/estimulo-optokinetico-768x382.jpg 768w, https:\/\/otorrinogijon.com\/wp-content\/uploads\/2022\/12\/estimulo-optokinetico-450x225.jpg 450w, https:\/\/otorrinogijon.com\/wp-content\/uploads\/2022\/12\/estimulo-optokinetico.jpg 912w\" sizes=\"auto, (max-width: 300px) 100vw, 300px\" \/> <img loading=\"lazy\" decoding=\"async\" class=\"alignnone size-medium wp-image-140\" src=\"https:\/\/otorrinogijon.com\/wp-content\/uploads\/2022\/12\/neurofeedback-300x200.jpg\" alt=\"\" width=\"300\" height=\"200\" srcset=\"https:\/\/otorrinogijon.com\/wp-content\/uploads\/2022\/12\/neurofeedback-300x200.jpg 300w, https:\/\/otorrinogijon.com\/wp-content\/uploads\/2022\/12\/neurofeedback-1024x683.jpg 1024w, https:\/\/otorrinogijon.com\/wp-content\/uploads\/2022\/12\/neurofeedback-768x512.jpg 768w, https:\/\/otorrinogijon.com\/wp-content\/uploads\/2022\/12\/neurofeedback-1536x1024.jpg 1536w, https:\/\/otorrinogijon.com\/wp-content\/uploads\/2022\/12\/neurofeedback-2048x1365.jpg 2048w, https:\/\/otorrinogijon.com\/wp-content\/uploads\/2022\/12\/neurofeedback-338x225.jpg 338w\" sizes=\"auto, (max-width: 300px) 100vw, 300px\" \/> <img loading=\"lazy\" decoding=\"async\" class=\"alignnone size-medium wp-image-141\" src=\"https:\/\/otorrinogijon.com\/wp-content\/uploads\/2022\/12\/posturografia-computarizada-200x300.jpg\" alt=\"\" width=\"200\" height=\"300\" srcset=\"https:\/\/otorrinogijon.com\/wp-content\/uploads\/2022\/12\/posturografia-computarizada-200x300.jpg 200w, https:\/\/otorrinogijon.com\/wp-content\/uploads\/2022\/12\/posturografia-computarizada-682x1024.jpg 682w, https:\/\/otorrinogijon.com\/wp-content\/uploads\/2022\/12\/posturografia-computarizada-768x1153.jpg 768w, https:\/\/otorrinogijon.com\/wp-content\/uploads\/2022\/12\/posturografia-computarizada-1023x1536.jpg 1023w, https:\/\/otorrinogijon.com\/wp-content\/uploads\/2022\/12\/posturografia-computarizada-1365x2048.jpg 1365w, https:\/\/otorrinogijon.com\/wp-content\/uploads\/2022\/12\/posturografia-computarizada-150x225.jpg 150w, https:\/\/otorrinogijon.com\/wp-content\/uploads\/2022\/12\/posturografia-computarizada-scaled.jpg 1706w\" sizes=\"auto, (max-width: 200px) 100vw, 200px\" \/><\/p>\n<p>&nbsp;<\/p>\n<p>Todo ello destinado tanto al diagn\u00f3stico del\u00a0<strong>v\u00e9rtigo<\/strong>\u00a0y las alteraciones del\u00a0<strong>equilibrio<\/strong>, como a su\u00a0<strong>rehabilitaci\u00f3n<\/strong>\u00a0y estudio del v\u00e9rtigo en el\u00a0<strong>anciano<\/strong>.<\/p>\n","protected":false},"excerpt":{"rendered":"<p>El\u00a0V\u00e9rtigo\u00a0no es una enfermedad, sino un s\u00edntoma que reconoce etiolog\u00edas m\u00faltiples, una percepci\u00f3n de un movimiento que no existe, siendo mas frecuentemente de rotaci\u00f3n o de giro de nuestro cuerpo o del ambiente que nos rodea. La sensaci\u00f3n de\u00a0Equilibrio\u00a0es el resultado de una informaci\u00f3n apropiada detectada por los receptores vestibulares, oculares y propioceptivos, que es [&hellip;]<\/p>\n","protected":false},"author":1,"featured_media":0,"parent":15,"menu_order":1,"comment_status":"closed","ping_status":"closed","template":"","meta":{"om_disable_all_campaigns":false,"_monsterinsights_skip_tracking":false,"_monsterinsights_sitenote_active":false,"_monsterinsights_sitenote_note":"","_monsterinsights_sitenote_category":0,"footnotes":""},"class_list":["post-56","page","type-page","status-publish","hentry"],"aioseo_notices":[],"_links":{"self":[{"href":"https:\/\/otorrinogijon.com\/index.php\/wp-json\/wp\/v2\/pages\/56","targetHints":{"allow":["GET"]}}],"collection":[{"href":"https:\/\/otorrinogijon.com\/index.php\/wp-json\/wp\/v2\/pages"}],"about":[{"href":"https:\/\/otorrinogijon.com\/index.php\/wp-json\/wp\/v2\/types\/page"}],"author":[{"embeddable":true,"href":"https:\/\/otorrinogijon.com\/index.php\/wp-json\/wp\/v2\/users\/1"}],"replies":[{"embeddable":true,"href":"https:\/\/otorrinogijon.com\/index.php\/wp-json\/wp\/v2\/comments?post=56"}],"version-history":[{"count":5,"href":"https:\/\/otorrinogijon.com\/index.php\/wp-json\/wp\/v2\/pages\/56\/revisions"}],"predecessor-version":[{"id":142,"href":"https:\/\/otorrinogijon.com\/index.php\/wp-json\/wp\/v2\/pages\/56\/revisions\/142"}],"up":[{"embeddable":true,"href":"https:\/\/otorrinogijon.com\/index.php\/wp-json\/wp\/v2\/pages\/15"}],"wp:attachment":[{"href":"https:\/\/otorrinogijon.com\/index.php\/wp-json\/wp\/v2\/media?parent=56"}],"curies":[{"name":"wp","href":"https:\/\/api.w.org\/{rel}","templated":true}]}}