{"id":19,"date":"2022-11-16T15:53:00","date_gmt":"2022-11-16T14:53:00","guid":{"rendered":"https:\/\/otorrinogijon.com\/?page_id=19"},"modified":"2022-11-16T17:28:36","modified_gmt":"2022-11-16T16:28:36","slug":"privacidad","status":"publish","type":"page","link":"https:\/\/otorrinogijon.com\/index.php\/privacidad\/","title":{"rendered":"Privacidad"},"content":{"rendered":"<h2>Aviso Legal, RGPD, Privacidad y \u00abcookies\u00bb<\/h2>\n<p><strong>Adela Gonz\u00e1lez Fern\u00e1ndez<\/strong>\u00a0(en adelante, la propietaria del sitio) es especialista en otorrinolaringolog\u00eda con n\u00famero de colegiado 33\/03872-8, y es la titular de esta direcci\u00f3n: https:\/\/otorrinogijon.com, que adem\u00e1s es su sitio web oficial, y se encuentra sujeto en todo momento a los principios y derechos recogidos en el\u00a0<strong>Reglamento (UE) 2016\/679, de 27 de abril, General de Protecci\u00f3n de Datos (RGPD)<\/strong>\u00a0y dem\u00e1s normativa aplicable, raz\u00f3n por lo que se afirma que en el mismo\u00a0<strong>no se recaba de forma interesada ning\u00fan dato personal<\/strong>.<\/p>\n<p>La navegaci\u00f3n por este sitio no obliga ni implica proporcionar ninguna informaci\u00f3n, pero -como ya sabr\u00e1- su navegador utiliza \u00ab<strong>cookies<\/strong>\u00bb para facilitar la experiencia de usuario, para su comodidad, para que no tenga que volver a rellenar sus datos cuando deje otro comentario, etc. Puede configurarlo para que le avise de las mismas o incluso rechazarlas, teniendo en cuenta que esto podr\u00eda impedir a ciertas funciones en Internet. Un mayor desarrollo en lo referido a \u00abcookies\u00bb puede encontrarlo m\u00e1s abajo, en esta misma p\u00e1gina.<\/p>\n<p>En el caso de que a trav\u00e9s de esta web y sus canales complementarios (formulario de contacto, env\u00edo de correo electr\u00f3nico, llamada telef\u00f3nica, mensaje a trav\u00e9s de redes sociales, etc.) usted proporcionara alg\u00fan dato personal, \u00e9ste ser\u00eda tratado de\u00a0<strong>forma leal y l\u00edcita<\/strong>, y ser\u00eda utilizado\u00a0<strong>exclusivamente para la finalidad que usted solicite<\/strong>\u00a0(resoluci\u00f3n de dudas, consulta, asesoramiento, orientaci\u00f3n,\u2026) y\u00a0<strong>s\u00f3lo se conservar\u00edan mientras fuera necesario<\/strong>\u00a0para tal finalidad. Mientras tanto,\u00a0<strong>existe el compromiso<\/strong>:<\/p>\n<ul>\n<li><em><strong>a su salvaguarda\u00a0<\/strong><\/em>(cuando -y s\u00f3lo mientras- sea necesario mantenerlos, o sea, el tiempo que usted quiera o el que se necesite para la finalidad que usted solicite)<\/li>\n<li><em><strong>a no utilizarlos de forma publicitaria o cualquier otra no requerida expresamente\u00a0<\/strong><\/em>(s\u00f3lo le contactar\u00edamos para lo que usted solicitara, pero no para publicidad)<\/li>\n<li><em><strong>a no venderlos ni cederlos a terceros<\/strong><\/em>\u00a0(salvo obligaci\u00f3n legal)<\/li>\n<li><em><strong>y a permitirle hacer con ellos lo que legalmente quiera<\/strong><\/em>\u00a0(acceder, rectificar, suprimir, limitar, portabilizar y olvidar).<\/li>\n<\/ul>\n<p>&nbsp;<\/p>\n<p>Para ejercitar cualquiera de esos derechos, deber\u00eda dirigirse mediante el env\u00edo de un correo electr\u00f3nico a adelaglez@otorrinogijon.com, indicando el motivo de su solicitud. En caso necesario, podr\u00eda solicit\u00e1rsele copia de su DNI, pasaporte u otro documento v\u00e1lido que lo identificara. En el caso de que decidiese ejercer dichos derechos y que como parte de los datos personales que nos hubiera facilitado conste el correo electr\u00f3nico, le agradecer\u00edamos que en la mencionada comunicaci\u00f3n se hiciera constar espec\u00edficamente esa circunstancia, indicando la direcci\u00f3n de correo electr\u00f3nico respecto de la que desea ejercitar su derecho.<\/p>\n<h3>T\u00e9rminos y condiciones<\/h3>\n<p>El usuario accede voluntariamente a este sitio web. El acceso y navegaci\u00f3n en este sitio web implica aceptar y conocer las advertencias legales, condiciones y t\u00e9rminos de uso contenidos en ella. El mero acceso no implica el establecimiento de ning\u00fan tipo de relaci\u00f3n comercial entre esta consulta m\u00e9dica y el usuario.<\/p>\n<p>El Aviso Legal y\/o las Condiciones de los servicios prestados a trav\u00e9s del presente sitio web, podr\u00e1 sufrir modificaciones de cualquier tipo, cuando la leg\u00edtima propietaria del sitio lo considere oportuno o con la finalidad de adecuarse a los cambios legislativos y tecnol\u00f3gicos futuros. Estas modificaciones ser\u00e1n notificadas convenientemente siendo v\u00e1lidas desde su publicaci\u00f3n en este sitio web, salvo manifestaci\u00f3n en contrario.<\/p>\n<p>La propietaria del sitio se reserva el derecho a suspender o cancelar el acceso en el caso que se utilice para incumplir cualquier ley aplicable o las normas de uso habituales en internet, o bien si se utiliza su dominio en relaci\u00f3n con una actividad ilegal, as\u00ed como si se recibe notificaci\u00f3n en ese sentido emitido por una autoridad competente o en los dem\u00e1s supuestos contemplados por la legislaci\u00f3n vigente.<\/p>\n<p>Los usuarios, en la utilizaci\u00f3n del sitio web y de los servicios vinculados al mismo, deber\u00e1n respetar las siguientes obligaciones:<\/p>\n<p>No introducir, almacenar o difundir mediante el sitio web o a trav\u00e9s de cualquiera de los servicios vinculados al mismo ning\u00fan programa de ordenador, dato, virus, c\u00f3digo, o cualquier otro instrumento o dispositivo electr\u00f3nico que sea susceptible de causar da\u00f1os en el sitio web, en cualquiera de los servicios vinculados al mismo o en cualesquiera equipos, sistemas o redes de la titular del dominio, de cualquier usuario, de sus proveedores o en general de cualquier tercero, o que de otra forma sea capaz de causarles cualquier tipo de alteraci\u00f3n o impedir el normal funcionamiento del mismo.<\/p>\n<p>No destruir, alterar, inutilizar o da\u00f1ar los datos, informaciones, programas o documentos electr\u00f3nicos de la titular del dominio, de sus proveedores o de terceros.<\/p>\n<p>No utilizar los contenidos y en particular la informaci\u00f3n obtenida a trav\u00e9s del sitio web para remitir publicidad, enviar mensajes con fines de venta o con cualquier otro fin comercial, ni para recoger o almacenar datos personales de terceros.<\/p>\n<p>Deber\u00e1n abstenerse de eludir o manipular cualesquiera dispositivos t\u00e9cnicos establecidos, ya sea en el sitio web, en cualquiera de los servicios o en cualquiera de los materiales, elementos o informaci\u00f3n obtenidos a trav\u00e9s del mismo, para la protecci\u00f3n de sus derechos.<\/p>\n<p>Deber\u00e1n abstenerse de suprimir los signos identificativos de los derechos (de propiedad intelectual, industrial o cualquier otro) de la titular del dominio o de los terceros que figuren en el sitio web y en cada uno de los diversos servicios ofrecidos a trav\u00e9s de \u00e9l.<\/p>\n<p>Se abstendr\u00e1n de realizar cualquier actuaci\u00f3n que pudiera resultar en una desviaci\u00f3n de tr\u00e1fico del sitio web.<\/p>\n<p>&nbsp;<\/p>\n<h3>Productos y\/o servicios<\/h3>\n<p>La propietaria del sitio ofrece determinados servicios\/productos a los usuarios, sometidos a los t\u00e9rminos y condiciones indicados en el presente sitio web, debiendo el usuario leer con atenci\u00f3n las condiciones que se apliquen a cada servicio, que en ning\u00fan caso eximir\u00e1n, salvo manifestaci\u00f3n expresa en contrario, del cumplimiento de lo expresado en el Aviso Legal.<\/p>\n<h3>Contenidos<\/h3>\n<p>La propietaria del sitio realiza los m\u00e1ximos esfuerzos para evitar errores en los contenidos que se publican en el sitio web. Todos los contenidos que se ofrecen a trav\u00e9s del sitio web se encuentran actualizados, reserv\u00e1ndose la propietaria del sitio la facultad de poder modificarlos en cualquier momento. De igual forma, \u00e9sta no se responsabiliza de las consecuencias que puedan derivarse de los errores en los contenidos proporcionados por terceros que puedan aparecer en este sitio web. Este sitio puede ofrecer enlaces, directa o indirectamente, a recursos o sitios de Internet que se encuentran fuera del presente sitio web. La presencia de estos enlaces en el sitio web tienen una finalidad pr\u00e1ctica, \u00fatil e informativa.<\/p>\n<h3>Limitaci\u00f3n de responsabilidad<\/h3>\n<p>No se garantiza que los servicios del sitio Web sean ininterrumpidos, oportunos, seguros o libres de error, ni se ofrece ninguna garant\u00eda con respecto a los resultados que se puedan obtener del uso de los servicios o de la precisi\u00f3n o fiabilidad de cualquier informaci\u00f3n obtenida. No se controlan, ni se hacen propios, ni se garantiza la exactitud, calidad, veracidad, fiabilidad o idoneidad de las informaciones y servicios que pudieran ser facilitados o prestados por terceros a trav\u00e9s del sitio Web. De igual forma, no controla y no garantiza la ausencia de virus u otros elementos lesivos en los contenidos o servicios que pudieran ser facilitados o prestados por terceros a trav\u00e9s del sitio Web.<\/p>\n<p>La propietaria del sitio tampoco se responsabiliza del contenido de los sitios web a los que enlaza fuera de su p\u00e1gina. Tampoco ser\u00e1 responsable de cualquier da\u00f1o o p\u00e9rdida que pueda surgir por la conexi\u00f3n o por el uso de cualquier contenido, producto o servicio disponible en los sitios web a los que se pudieran dirigir los enlaces. La propietaria del sitio no puede garantizar la disponibilidad y el correcto funcionamiento de los enlaces a otros sitios web.<\/p>\n<h3>Propiedad intelectual e industrial<\/h3>\n<p>Este sitio web y los contenidos que alberga se encuentran protegidos por la legislaci\u00f3n vigente en materia de propiedad intelectual. Se proh\u00edbe la modificaci\u00f3n, copia, reproducci\u00f3n, descarga, transmisi\u00f3n, distribuci\u00f3n o transformaci\u00f3n de los contenidos del Portal, si no se tiene la autorizaci\u00f3n del titular de los correspondientes derechos o se encuentra legalmente permitido. El acceso al sitio web no supone en ning\u00fan caso adquisici\u00f3n por parte de los usuarios de derecho de propiedad alguno sobre los contenidos que figuran en el mismo.<\/p>\n<p>Las referencias a marcas comerciales o marcas registradas o signos distintivos, ya sean titularidad de la propietaria del sitio o de terceras empresas, llevan impl\u00edcitas la prohibici\u00f3n sobre su uso sin el consentimiento de la propietaria del sitio. En ning\u00fan momento, salvo manifestaci\u00f3n expresa el acceso o uso del sitio web y\/o de sus contenidos, confiere al usuario derecho alguno sobre las marcas, logos, y\/o signos distintivos en \u00e9l incluidos protegidos por Ley.<\/p>\n<h3>Cookies<\/h3>\n<p>En cumplimiento con lo dispuesto en el art\u00edculo 22.2 de la Ley 34\/2002, de 11 de julio, de Servicios de la Sociedad de la Informaci\u00f3n y de Comercio Electr\u00f3nico, esta p\u00e1gina web le informa, en esta secci\u00f3n, sobre la pol\u00edtica de recogida y tratamiento de cookies.<\/p>\n<p>Una cookie es un fichero que se descarga en su ordenador al acceder a determinadas p\u00e1ginas web. Las cookies permiten a una p\u00e1gina web, entre otras cosas, almacenar y recuperar informaci\u00f3n sobre los h\u00e1bitos de navegaci\u00f3n de un usuario o de su equipo y, dependiendo de la informaci\u00f3n que contengan y de la forma en que utilice su equipo, pueden utilizarse para reconocer al usuario.<\/p>\n<p>Este sitio web utiliza Cookies propias y de terceros para mejorar los servicios y mostrarle publicidad relacionada con sus preferencias mediante el an\u00e1lisis de sus h\u00e1bitos de navegaci\u00f3n.<\/p>\n<p>Esta p\u00e1gina web utiliza los siguientes tipos de cookies:<\/p>\n<figure class=\"wp-block-table\">\n<table>\n<tbody>\n<tr>\n<td>Cookies de an\u00e1lisis<\/td>\n<td>Son aquellas que bien tratadas por nosotros o por terceros, nos permiten cuantificar el n\u00famero de usuarios y as\u00ed realizar la medici\u00f3n y an\u00e1lisis estad\u00edstico de la utilizaci\u00f3n que hacen los usuarios del servicio ofertado. Para ello se analiza su navegaci\u00f3n en nuestra p\u00e1gina web con el fin de mejorar la oferta de productos o servicios que le ofrecemos.<\/td>\n<\/tr>\n<tr>\n<td>Cookies t\u00e9cnicas<\/td>\n<td>Son aquellas que permiten al usuario la navegaci\u00f3n a trav\u00e9s del \u00e1rea restringida y la utilizaci\u00f3n de sus diferentes funciones, como por ejemplo, llevar a cambio el proceso de compra de un art\u00edculo.<\/td>\n<\/tr>\n<tr>\n<td>Cookies de personalizaci\u00f3n<\/td>\n<td>Son aquellas que permiten al usuario acceder al servicio con algunas caracter\u00edsticas de car\u00e1cter general predefinidas en funci\u00f3n de una serie de criterios en el terminal del usuario como por ejemplo serian el idioma o el tipo de navegador a trav\u00e9s del cual se conecta al servicio.<\/td>\n<\/tr>\n<tr>\n<td>Cookies publicitarias<\/td>\n<td>Son aquellas que, bien tratadas por esta web o por terceros, permiten gestionar de la forma m\u00e1s eficaz posible la oferta de los espacios publicitarios que hay en la p\u00e1gina web, adecuando el contenido del anuncio al contenido del servicio solicitado o al uso que realice de nuestra p\u00e1gina web. Para ello podemos analizar sus h\u00e1bitos de navegaci\u00f3n en Internet y podemos mostrarle publicidad relacionada con su perfil de navegaci\u00f3n.<\/td>\n<\/tr>\n<tr>\n<td>Cookies de publicidad comportamental<\/td>\n<td>Son aquellas que permiten la gesti\u00f3n, de la forma m\u00e1s eficaz posible, de los espacios publicitarios que, en su caso, el editor haya incluido en una p\u00e1gina web, aplicaci\u00f3n o plataforma desde la que presta el servicio solicitado. Este tipo de cookies almacenan informaci\u00f3n del comportamiento de los visitantes obtenida a trav\u00e9s de la observaci\u00f3n continuada de sus h\u00e1bitos de navegaci\u00f3n, lo que permite desarrollar un perfil espec\u00edfico para mostrar avisos publicitarios en funci\u00f3n del mismo.<\/td>\n<\/tr>\n<\/tbody>\n<\/table>\n<\/figure>\n<p>Por tanto,<\/p>\n<ol>\n<li>Puede recabarse informaci\u00f3n sobre su ordenador, incluido, en su caso, su direcci\u00f3n de IP, sistema operativo y tipo de navegador, para la administraci\u00f3n del sistema. Se trata de datos estad\u00edsticos sobre c\u00f3mo navega por nuestro sitio Web.<\/li>\n<li>Por la misma raz\u00f3n, se puede obtener informaci\u00f3n sobre su uso general mediante un archivo de cookies que se almacena en el disco duro de su ordenador. Las cookies contienen informaci\u00f3n que se transfiere al disco duro de su ordenador.<\/li>\n<li>Las cookies ayudan a mejorar el sitio Web y a prestar un servicio mejor y m\u00e1s personalizado. En concreto, permiten:\n<ol>\n<li>Hacer una estimaci\u00f3n sobre n\u00fameros y patrones de uso.<\/li>\n<li>Almacenar informaci\u00f3n acerca de sus preferencias y personalizar nuestro sitio web de conformidad con sus intereses individuales.<\/li>\n<li>Acelerar sus b\u00fasquedas.<\/li>\n<li>Reconocerle cuando regrese de nuevo a nuestro sitio.<\/li>\n<\/ol>\n<\/li>\n<\/ol>\n<ol start=\"4\">\n<li>Puede negarse a aceptar cookies activando la configuraci\u00f3n en su navegador que permite rechazar las cookies. No obstante, si selecciona esta configuraci\u00f3n, quiz\u00e1 no pueda acceder a determinadas partes del Sitio Web o no pueda aprovecharse de alguno de los servicios. A menos que haya ajustado la configuraci\u00f3n de su navegador de forma que rechace cookies, nuestro sistema producir\u00e1 cookies cuando se conecte a nuestro sitio.<\/li>\n<li>\u00bfC\u00f3mo puede desactivar las cookies? La mayor\u00eda de los navegadores indican c\u00f3mo configurar su navegador para que no acepte cookies, para que le notifique cada vez que reciba una nueva cookie, as\u00ed como para desactivarlas completamente. Para controlar qu\u00e9 uso quiere que se haga de su informaci\u00f3n, puede configurar el navegador de su terminal en la forma que estime m\u00e1s conveniente para Vd. Le indicamos los siguientes enlaces, donde podr\u00e1 encontrar m\u00e1s informaci\u00f3n sobre los diferentes navegadores:\n<ol>\n<li>Chrome:\u00a0<a href=\"httpshttps:\/\/www.google.es\/intl\/es\/policies\/technologies\/managing\/\">https:\/\/www.google.es\/intl\/es\/policies\/technologies\/managing\/<\/a><\/li>\n<li>Explorer:\u00a0<a href=\"https:\/\/support.microsoft.com\/es-es\/help\/17442\/windows-internet-explorer-delete-manage-cookies\">https:\/\/support.microsoft.com\/es-es\/help\/17442\/windows-internet-explorer-delete-manage-cookies<\/a><\/li>\n<li>Firefox:\u00a0<a href=\"http:\/\/support.mozilla.org\/es\/kb\/habilitar-y-deshabilitar-cookies-que-lossitios-we\">http:\/\/support.mozilla.org\/es\/kb\/habilitar-y-deshabilitar-cookies-que-lossitios-we<\/a><\/li>\n<li>Safari:\u00a0<a href=\"https:\/\/support.apple.com\/kb\/PH19214?viewlocale=es_ES&amp;locale=es_ES\">https:\/\/support.apple.com\/kb\/PH19214?viewlocale=es_ES&amp;locale=es_ES<\/a><\/li>\n<li>Opera:\u00a0<a href=\"http:\/\/www.opera.com\/help\/tutorials\/security\/privacy\/\">http:\/\/www.opera.com\/help\/tutorials\/security\/privacy\/<\/a><\/li>\n<\/ol>\n<\/li>\n<\/ol>\n<p>Si no desea ser rastreado por las cookies de Google Analytics, Google ha desarrollado un complemento para instalar en su navegador al que puede acceder en el siguiente enlace:\u00a0<a href=\"http:\/\/goo.gl\/up4ND\" target=\"_blank\" rel=\"noreferrer noopener\">http:\/\/goo.gl\/up4ND<\/a>.<\/p>\n<p>Recuerde que los art\u00edculos de este sitio pueden incluir contenido incrustado (por ejemplo, v\u00eddeos, im\u00e1genes, art\u00edculos, etc.) de otras webs. Ese contenido se comporta exactamente de la misma manera que si el visitante hubiera visitado la otra web. Por tanto estas web pueden recopilar datos sobre usted, utilizar cookies, incrustar un seguimiento adicional de terceros, y supervisar su interacci\u00f3n con ese contenido incrustado, incluido el seguimiento de su interacci\u00f3n con el contenido incrustado si tiene una cuenta y est\u00e1 conectado a esa web.<\/p>\n","protected":false},"excerpt":{"rendered":"<p>Aviso Legal, RGPD, Privacidad y \u00abcookies\u00bb Adela Gonz\u00e1lez Fern\u00e1ndez\u00a0(en adelante, la propietaria del sitio) es especialista en otorrinolaringolog\u00eda con n\u00famero de colegiado 33\/03872-8, y es la titular de esta direcci\u00f3n: https:\/\/otorrinogijon.com, que adem\u00e1s es su sitio web oficial, y se encuentra sujeto en todo momento a los principios y derechos recogidos en el\u00a0Reglamento (UE) 2016\/679, [&hellip;]<\/p>\n","protected":false},"author":1,"featured_media":0,"parent":0,"menu_order":7,"comment_status":"closed","ping_status":"closed","template":"","meta":{"om_disable_all_campaigns":false,"_monsterinsights_skip_tracking":false,"_monsterinsights_sitenote_active":false,"_monsterinsights_sitenote_note":"","_monsterinsights_sitenote_category":0,"footnotes":""},"class_list":["post-19","page","type-page","status-publish","hentry"],"aioseo_notices":[],"_links":{"self":[{"href":"https:\/\/otorrinogijon.com\/index.php\/wp-json\/wp\/v2\/pages\/19","targetHints":{"allow":["GET"]}}],"collection":[{"href":"https:\/\/otorrinogijon.com\/index.php\/wp-json\/wp\/v2\/pages"}],"about":[{"href":"https:\/\/otorrinogijon.com\/index.php\/wp-json\/wp\/v2\/types\/page"}],"author":[{"embeddable":true,"href":"https:\/\/otorrinogijon.com\/index.php\/wp-json\/wp\/v2\/users\/1"}],"replies":[{"embeddable":true,"href":"https:\/\/otorrinogijon.com\/index.php\/wp-json\/wp\/v2\/comments?post=19"}],"version-history":[{"count":3,"href":"https:\/\/otorrinogijon.com\/index.php\/wp-json\/wp\/v2\/pages\/19\/revisions"}],"predecessor-version":[{"id":84,"href":"https:\/\/otorrinogijon.com\/index.php\/wp-json\/wp\/v2\/pages\/19\/revisions\/84"}],"wp:attachment":[{"href":"https:\/\/otorrinogijon.com\/index.php\/wp-json\/wp\/v2\/media?parent=19"}],"curies":[{"name":"wp","href":"https:\/\/api.w.org\/{rel}","templated":true}]}}