{"id":18,"date":"2022-11-16T15:52:51","date_gmt":"2022-11-16T14:52:51","guid":{"rendered":"https:\/\/otorrinogijon.com\/?page_id=18"},"modified":"2022-11-16T17:23:46","modified_gmt":"2022-11-16T16:23:46","slug":"enlaces","status":"publish","type":"page","link":"https:\/\/otorrinogijon.com\/index.php\/enlaces\/","title":{"rendered":"Enlaces"},"content":{"rendered":"<p>A continuaci\u00f3n algunos enlaces que pueden ser de su inter\u00e9s<\/p>\n<p><a href=\"https:\/\/seorl.net\/\" target=\"_blank\" rel=\"noreferrer noopener\">Sociedad Espa\u00f1ola de Otorrinolaringolog\u00eda y Cirug\u00eda de Cabeza y Cuello (SEORL-CCC)<\/a><\/p>\n<p><a href=\"https:\/\/redolfativaespanola.com\/\" target=\"_blank\" rel=\"noreferrer noopener\">Red Olfativa Espa\u00f1ola<\/a><\/p>\n","protected":false},"excerpt":{"rendered":"<p>A continuaci\u00f3n algunos enlaces que pueden ser de su inter\u00e9s Sociedad Espa\u00f1ola de Otorrinolaringolog\u00eda y Cirug\u00eda de Cabeza y Cuello (SEORL-CCC) Red Olfativa Espa\u00f1ola<\/p>\n","protected":false},"author":1,"featured_media":0,"parent":0,"menu_order":6,"comment_status":"closed","ping_status":"closed","template":"","meta":{"om_disable_all_campaigns":false,"_monsterinsights_skip_tracking":false,"_monsterinsights_sitenote_active":false,"_monsterinsights_sitenote_note":"","_monsterinsights_sitenote_category":0,"footnotes":""},"class_list":["post-18","page","type-page","status-publish","hentry"],"aioseo_notices":[],"_links":{"self":[{"href":"https:\/\/otorrinogijon.com\/index.php\/wp-json\/wp\/v2\/pages\/18","targetHints":{"allow":["GET"]}}],"collection":[{"href":"https:\/\/otorrinogijon.com\/index.php\/wp-json\/wp\/v2\/pages"}],"about":[{"href":"https:\/\/otorrinogijon.com\/index.php\/wp-json\/wp\/v2\/types\/page"}],"author":[{"embeddable":true,"href":"https:\/\/otorrinogijon.com\/index.php\/wp-json\/wp\/v2\/users\/1"}],"replies":[{"embeddable":true,"href":"https:\/\/otorrinogijon.com\/index.php\/wp-json\/wp\/v2\/comments?post=18"}],"version-history":[{"count":3,"href":"https:\/\/otorrinogijon.com\/index.php\/wp-json\/wp\/v2\/pages\/18\/revisions"}],"predecessor-version":[{"id":82,"href":"https:\/\/otorrinogijon.com\/index.php\/wp-json\/wp\/v2\/pages\/18\/revisions\/82"}],"wp:attachment":[{"href":"https:\/\/otorrinogijon.com\/index.php\/wp-json\/wp\/v2\/media?parent=18"}],"curies":[{"name":"wp","href":"https:\/\/api.w.org\/{rel}","templated":true}]}}