{"id":16,"date":"2022-11-16T15:51:58","date_gmt":"2022-11-16T14:51:58","guid":{"rendered":"https:\/\/otorrinogijon.com\/?page_id=16"},"modified":"2022-12-14T19:38:15","modified_gmt":"2022-12-14T18:38:15","slug":"covid-19","status":"publish","type":"page","link":"https:\/\/otorrinogijon.com\/index.php\/covid-19\/","title":{"rendered":"COVID-19"},"content":{"rendered":"<p>En estos momentos de Pandemia COVID-19 la investigaci\u00f3n acerca de la enfermedad y las secuelas sobrevenidas secundarias a la infecci\u00f3n por el SARS-Cov-2 es de vital importancia.<\/p>\n<p>Estamos trabajando en nuevas herramientas de identificaci\u00f3n en Pandemia COVID-19 siendo anosmia \/ disgeusia un marcador de esta enfermedad.<\/p>\n<p>Como elemento de estudio le facilitamos la opci\u00f3n de realizar un test completamente gratuito y confidencial.<\/p>\n<p>Para acceder al mismo env\u00edenos mensaje en\u00a0<a href=\"https:\/\/otorrinogijon.com\/index.php\/contacto\/\" target=\"_blank\" rel=\"noreferrer noopener\"><strong>nuestra \u00e1rea de contacto indicando en el asunto \u00abTEST OLFATIVO\u00bb<\/strong><\/a>.<\/p>\n<p>Una vez realizado el test, recibir\u00e1 un documento con recomendaciones y ejercicios de entrenamiento olfativo.<\/p>\n<p style=\"text-align: left;\">\n<p><img loading=\"lazy\" decoding=\"async\" class=\"size-medium wp-image-159 alignleft\" src=\"https:\/\/otorrinogijon.com\/wp-content\/uploads\/2022\/12\/coronavirus-300x225.jpg\" alt=\"\" width=\"300\" height=\"225\" srcset=\"https:\/\/otorrinogijon.com\/wp-content\/uploads\/2022\/12\/coronavirus-300x225.jpg 300w, https:\/\/otorrinogijon.com\/wp-content\/uploads\/2022\/12\/coronavirus-768x576.jpg 768w, https:\/\/otorrinogijon.com\/wp-content\/uploads\/2022\/12\/coronavirus.jpg 800w\" sizes=\"auto, (max-width: 300px) 100vw, 300px\" \/><\/p>\n","protected":false},"excerpt":{"rendered":"<p>En estos momentos de Pandemia COVID-19 la investigaci\u00f3n acerca de la enfermedad y las secuelas sobrevenidas secundarias a la infecci\u00f3n por el SARS-Cov-2 es de vital importancia. Estamos trabajando en nuevas herramientas de identificaci\u00f3n en Pandemia COVID-19 siendo anosmia \/ disgeusia un marcador de esta enfermedad. Como elemento de estudio le facilitamos la opci\u00f3n de [&hellip;]<\/p>\n","protected":false},"author":1,"featured_media":0,"parent":0,"menu_order":4,"comment_status":"closed","ping_status":"closed","template":"","meta":{"om_disable_all_campaigns":false,"_monsterinsights_skip_tracking":false,"_monsterinsights_sitenote_active":false,"_monsterinsights_sitenote_note":"","_monsterinsights_sitenote_category":0,"footnotes":""},"class_list":["post-16","page","type-page","status-publish","hentry"],"aioseo_notices":[],"_links":{"self":[{"href":"https:\/\/otorrinogijon.com\/index.php\/wp-json\/wp\/v2\/pages\/16","targetHints":{"allow":["GET"]}}],"collection":[{"href":"https:\/\/otorrinogijon.com\/index.php\/wp-json\/wp\/v2\/pages"}],"about":[{"href":"https:\/\/otorrinogijon.com\/index.php\/wp-json\/wp\/v2\/types\/page"}],"author":[{"embeddable":true,"href":"https:\/\/otorrinogijon.com\/index.php\/wp-json\/wp\/v2\/users\/1"}],"replies":[{"embeddable":true,"href":"https:\/\/otorrinogijon.com\/index.php\/wp-json\/wp\/v2\/comments?post=16"}],"version-history":[{"count":5,"href":"https:\/\/otorrinogijon.com\/index.php\/wp-json\/wp\/v2\/pages\/16\/revisions"}],"predecessor-version":[{"id":161,"href":"https:\/\/otorrinogijon.com\/index.php\/wp-json\/wp\/v2\/pages\/16\/revisions\/161"}],"wp:attachment":[{"href":"https:\/\/otorrinogijon.com\/index.php\/wp-json\/wp\/v2\/media?parent=16"}],"curies":[{"name":"wp","href":"https:\/\/api.w.org\/{rel}","templated":true}]}}